{"id":11,"date":"2021-05-18T15:40:06","date_gmt":"2021-05-18T15:40:06","guid":{"rendered":"https:\/\/sanantonabesbatza.wordpress.com\/?page_id=8"},"modified":"2026-04-14T10:46:35","modified_gmt":"2026-04-14T10:46:35","slug":"contacto","status":"publish","type":"page","link":"https:\/\/sanantonabesbatza.net\/index.php\/contacto\/","title":{"rendered":"Contacto"},"content":{"rendered":"\n<p>San Anton Abesbatza &#8211; Orfe\u00f3n San Ant\u00f3n est\u00e1 abierto a<br>nuevas voces y a  gente que quiera compartir esta afici\u00f3n.<br><br>Si te gusta cantar y\/o quieres formar parte de San Anton<br>Abesbatza &#8211; Orfe\u00f3n San Ant\u00f3n, ponte en contacto con<br>nosotros.<br><\/p>\n\n\n\n<div class=\"wp-block-columns alignwide has-2-columns is-layout-flex wp-container-core-columns-is-layout-28f84493 wp-block-columns-is-layout-flex\">\n<div class=\"wp-block-column is-layout-flow wp-block-column-is-layout-flow\">\n<h2 class=\"wp-block-heading has-text-align-left\">D\u00f3nde estamos<\/h2>\n\n\n\n<div class=\"wp-block-cover\"><img loading=\"lazy\" decoding=\"async\" width=\"153\" height=\"300\" class=\"wp-block-cover__image-background wp-image-333\" alt=\"\" src=\"https:\/\/sanantonabesbatza.net\/wp-content\/uploads\/2023\/03\/FqKFZeCX0Acq1d_-153x300.jpg\" data-object-fit=\"cover\" srcset=\"https:\/\/sanantonabesbatza.net\/wp-content\/uploads\/2023\/03\/FqKFZeCX0Acq1d_-153x300.jpg 153w, https:\/\/sanantonabesbatza.net\/wp-content\/uploads\/2023\/03\/FqKFZeCX0Acq1d_-521x1024.jpg 521w, https:\/\/sanantonabesbatza.net\/wp-content\/uploads\/2023\/03\/FqKFZeCX0Acq1d_-768x1511.jpg 768w, https:\/\/sanantonabesbatza.net\/wp-content\/uploads\/2023\/03\/FqKFZeCX0Acq1d_-781x1536.jpg 781w, https:\/\/sanantonabesbatza.net\/wp-content\/uploads\/2023\/03\/FqKFZeCX0Acq1d_-1041x2048.jpg 1041w, https:\/\/sanantonabesbatza.net\/wp-content\/uploads\/2023\/03\/FqKFZeCX0Acq1d_.jpg 1092w\" sizes=\"auto, (max-width: 153px) 100vw, 153px\" \/><span aria-hidden=\"true\" class=\"wp-block-cover__background has-background-dim\"><\/span><div class=\"wp-block-cover__inner-container is-layout-flow wp-block-cover-is-layout-flow\">\n<p class=\"has-text-align-center\">Solokoetxe, 1<br>48006 Bilbao<\/p>\n\n\n\n<p class=\"has-text-align-center\">Bizkaia<\/p>\n<\/div><\/div>\n\n\n\n<ul class=\"wp-block-social-links is-layout-flex wp-block-social-links-is-layout-flex\"><li class=\"wp-social-link wp-social-link-facebook  wp-block-social-link\"><a href=\"https:\/\/www.facebook.com\/San-Anton-Abesbatza-1803005456683731\" class=\"wp-block-social-link-anchor\"><svg width=\"24\" height=\"24\" viewBox=\"0 0 24 24\" version=\"1.1\" xmlns=\"http:\/\/www.w3.org\/2000\/svg\" aria-hidden=\"true\" focusable=\"false\"><path d=\"M12 2C6.5 2 2 6.5 2 12c0 5 3.7 9.1 8.4 9.9v-7H7.9V12h2.5V9.8c0-2.5 1.5-3.9 3.8-3.9 1.1 0 2.2.2 2.2.2v2.5h-1.3c-1.2 0-1.6.8-1.6 1.6V12h2.8l-.4 2.9h-2.3v7C18.3 21.1 22 17 22 12c0-5.5-4.5-10-10-10z\"><\/path><\/svg><span class=\"wp-block-social-link-label screen-reader-text\">Facebook<\/span><\/a><\/li><\/ul>\n\n\n\n<p><a rel=\"noreferrer noopener\" href=\"https:\/\/www.google.com\/maps\/d\/u\/0\/edit?mid=1wrDXlHhFEQ5KhcT_ZgMZA4TpWcI&amp;usp=sharing\" target=\"_blank\">Abrir enlace en Google Maps<\/a><\/p>\n\n\n\n<figure class=\"wp-block-image size-large\"><img loading=\"lazy\" decoding=\"async\" width=\"1105\" height=\"755\" src=\"https:\/\/sanantonabesbatza.net\/wp-content\/uploads\/2021\/05\/screenshot_2021-05-19-san-anton-abesbatza-google-my-maps.png?w=1024\" alt=\"\" class=\"wp-image-126\" srcset=\"https:\/\/sanantonabesbatza.net\/wp-content\/uploads\/2021\/05\/screenshot_2021-05-19-san-anton-abesbatza-google-my-maps.png 1105w, https:\/\/sanantonabesbatza.net\/wp-content\/uploads\/2021\/05\/screenshot_2021-05-19-san-anton-abesbatza-google-my-maps-300x205.png 300w, https:\/\/sanantonabesbatza.net\/wp-content\/uploads\/2021\/05\/screenshot_2021-05-19-san-anton-abesbatza-google-my-maps-1024x700.png 1024w, https:\/\/sanantonabesbatza.net\/wp-content\/uploads\/2021\/05\/screenshot_2021-05-19-san-anton-abesbatza-google-my-maps-768x525.png 768w\" sizes=\"auto, (max-width: 1105px) 100vw, 1105px\" \/><\/figure>\n\n\n\n<p><\/p>\n<\/div>\n\n\n\n<div class=\"wp-block-column is-layout-flow wp-block-column-is-layout-flow\">\n<h2 class=\"wp-block-heading has-text-align-left\">Env\u00edanos un mensaje<\/h2>\n\n\n\n<div class=\"wp-block-columns is-layout-flex wp-container-core-columns-is-layout-28f84493 wp-block-columns-is-layout-flex\">\n<div class=\"wp-block-column is-layout-flow wp-block-column-is-layout-flow\" style=\"flex-basis:100%\"><div class=\"wpforms-container wpforms-container-full wpforms-block wpforms-block-93080294-0ed5-49a6-8f2d-a337932aeccc\" id=\"wpforms-279\"><form id=\"wpforms-form-279\" class=\"wpforms-validate wpforms-form\" data-formid=\"279\" method=\"post\" enctype=\"multipart\/form-data\" action=\"\/index.php\/wp-json\/wp\/v2\/pages\/11\" data-token=\"21ab45290aa8976804874a149cf30cf1\" data-token-time=\"1776591697\"><noscript class=\"wpforms-error-noscript\">Por favor, activa JavaScript en tu navegador para completar este formulario.<\/noscript><div class=\"wpforms-field-container\"><div id=\"wpforms-279-field_0-container\" class=\"wpforms-field wpforms-field-name wpforms-one-half wpforms-first\" data-field-id=\"0\"><label class=\"wpforms-field-label wpforms-label-hide\" for=\"wpforms-279-field_0\">Nombre <span class=\"wpforms-required-label\">*<\/span><\/label><input type=\"text\" id=\"wpforms-279-field_0\" class=\"wpforms-field-medium wpforms-field-required\" name=\"wpforms[fields][0]\" placeholder=\"Nombre\" required><\/div><div id=\"wpforms-279-field_3-container\" class=\"wpforms-field wpforms-field-email wpforms-one-half\" data-field-id=\"3\"><label class=\"wpforms-field-label wpforms-label-hide\" for=\"wpforms-279-field_3\">Email <span class=\"wpforms-required-label\">*<\/span><\/label><input type=\"email\" id=\"wpforms-279-field_3\" class=\"wpforms-field-medium wpforms-field-required\" name=\"wpforms[fields][3]\" placeholder=\" Email\" spellcheck=\"false\" required><\/div><div id=\"wpforms-279-field_4-container\" class=\"wpforms-field wpforms-field-text\" data-field-id=\"4\"><label class=\"wpforms-field-label wpforms-label-hide\" for=\"wpforms-279-field_4\">T\u00edtulo<\/label><input type=\"text\" id=\"wpforms-279-field_4\" class=\"wpforms-field-small\" name=\"wpforms[fields][4]\" placeholder=\"T\u00edtulo\" ><\/div><div id=\"wpforms-279-field_2-container\" class=\"wpforms-field wpforms-field-textarea\" data-field-id=\"2\"><label class=\"wpforms-field-label wpforms-label-hide\" for=\"wpforms-279-field_2\">Mensaje <span class=\"wpforms-required-label\">*<\/span><\/label><textarea id=\"wpforms-279-field_2\" class=\"wpforms-field-medium wpforms-field-required\" name=\"wpforms[fields][2]\" placeholder=\"Mensaje\" required><\/textarea><\/div><\/div><!-- .wpforms-field-container --><div class=\"wpforms-submit-container\" ><input type=\"hidden\" name=\"wpforms[id]\" value=\"279\"><input type=\"hidden\" name=\"page_title\" value=\"\"><input type=\"hidden\" name=\"page_url\" value=\"https:\/\/sanantonabesbatza.net\/index.php\/wp-json\/wp\/v2\/pages\/11\"><input type=\"hidden\" name=\"url_referer\" value=\"\"><button type=\"submit\" name=\"wpforms[submit]\" id=\"wpforms-submit-279\" class=\"wpforms-submit\" data-alt-text=\"Enviando ....\" data-submit-text=\"Enviar mensaje\" aria-live=\"assertive\" value=\"wpforms-submit\">Enviar mensaje<\/button><\/div><\/form><\/div>  <!-- .wpforms-container --><\/div>\n<\/div>\n<\/div>\n<\/div>\n","protected":false},"excerpt":{"rendered":"<p>San Anton Abesbatza &#8211; Orfe\u00f3n San Ant\u00f3n est\u00e1 abierto anuevas voces y a gente que quiera compartir esta afici\u00f3n. Si te gusta cantar y\/o quieres formar parte de San AntonAbesbatza &#8211; Orfe\u00f3n San Ant\u00f3n, ponte en contacto connosotros. D\u00f3nde estamos Abrir enlace en Google Maps Env\u00edanos un mensaje<\/p>\n","protected":false},"author":2,"featured_media":129,"parent":0,"menu_order":0,"comment_status":"closed","ping_status":"closed","template":"","meta":{"footnotes":""},"class_list":["post-11","page","type-page","status-publish","has-post-thumbnail","hentry"],"_links":{"self":[{"href":"https:\/\/sanantonabesbatza.net\/index.php\/wp-json\/wp\/v2\/pages\/11","targetHints":{"allow":["GET"]}}],"collection":[{"href":"https:\/\/sanantonabesbatza.net\/index.php\/wp-json\/wp\/v2\/pages"}],"about":[{"href":"https:\/\/sanantonabesbatza.net\/index.php\/wp-json\/wp\/v2\/types\/page"}],"author":[{"embeddable":true,"href":"https:\/\/sanantonabesbatza.net\/index.php\/wp-json\/wp\/v2\/users\/2"}],"replies":[{"embeddable":true,"href":"https:\/\/sanantonabesbatza.net\/index.php\/wp-json\/wp\/v2\/comments?post=11"}],"version-history":[{"count":19,"href":"https:\/\/sanantonabesbatza.net\/index.php\/wp-json\/wp\/v2\/pages\/11\/revisions"}],"predecessor-version":[{"id":368,"href":"https:\/\/sanantonabesbatza.net\/index.php\/wp-json\/wp\/v2\/pages\/11\/revisions\/368"}],"wp:featuredmedia":[{"embeddable":true,"href":"https:\/\/sanantonabesbatza.net\/index.php\/wp-json\/wp\/v2\/media\/129"}],"wp:attachment":[{"href":"https:\/\/sanantonabesbatza.net\/index.php\/wp-json\/wp\/v2\/media?parent=11"}],"curies":[{"name":"wp","href":"https:\/\/api.w.org\/{rel}","templated":true}]}}